{"id":17536,"date":"2016-09-13T11:46:20","date_gmt":"2016-09-13T11:46:20","guid":{"rendered":"http:\/\/commo.es\/brandactivist\/?page_id=17536&#038;lang=ca"},"modified":"2019-06-20T08:10:55","modified_gmt":"2019-06-20T08:10:55","slug":"commo-the-brand-activists","status":"publish","type":"page","link":"https:\/\/commo.es\/ca\/","title":{"rendered":"Commo The Brand Activists &#8211; Ag\u00e8ncia Creativa"},"content":{"rendered":"<p>[vc_row css_animation=&#8221;&#8221; row_type=&#8221;row&#8221; use_row_as_full_screen_section=&#8221;no&#8221; type=&#8221;grid&#8221; angled_section=&#8221;no&#8221; text_align=&#8221;center&#8221; background_image_as_pattern=&#8221;without_pattern&#8221;][vc_column][vc_separator type=&#8221;transparent&#8221; thickness=&#8221;40&#8243;][vc_column_text]<\/p>\n<h1 style=\"text-align: center;\"><a href=\"https:\/\/commo.es\/ca\/work\/\"><span style=\"color: #ffa02b;\">Commo\u00a0The\u00a0Brand\u00a0Activists,<\/span>\u00a0Ag\u00e8ncia Creativa<\/a><\/h1>\n<h2 style=\"text-align: center;\"><a href=\"https:\/\/commo.es\/ca\/work\/\">Coneix els nostres \u00faltims projectes<\/a><\/h2>\n<p>[\/vc_column_text][vc_separator type=&#8221;transparent&#8221; thickness=&#8221;10&#8243;]<div class='projects_holder_outer v2 portfolio_with_space portfolio_with_hover_text '><div class='projects_holder portfolio_main_holder clearfix v2 hover_text portfolio_full_image '>\n<article class='mix portfolio_category_114 ' style=''><div class='image_holder'><a itemprop='url' class='portfolio_link_for_touch' href='https:\/\/commo.es\/ca\/portfolio_page\/suma-capital\/' target='_self'><span class='image'><img loading=\"lazy\" decoding=\"async\" width=\"818\" height=\"460\" src=\"https:\/\/commo.es\/wp-content\/uploads\/2020\/05\/Suma-portada.jpg\" class=\"attachment-full size-full wp-post-image\" alt=\"\" srcset=\"https:\/\/commo.es\/wp-content\/uploads\/2020\/05\/Suma-portada.jpg 818w, https:\/\/commo.es\/wp-content\/uploads\/2020\/05\/Suma-portada-300x169.jpg 300w, https:\/\/commo.es\/wp-content\/uploads\/2020\/05\/Suma-portada-768x432.jpg 768w, https:\/\/commo.es\/wp-content\/uploads\/2020\/05\/Suma-portada-700x394.jpg 700w, https:\/\/commo.es\/wp-content\/uploads\/2020\/05\/Suma-portada-539x303.jpg 539w\" sizes=\"auto, (max-width: 818px) 100vw, 818px\" \/><\/span><\/a><span class='text_holder'><span class='text_outer'><span class='text_inner'><div class=\"hover_feature_holder_title\"><div class=\"hover_feature_holder_title_inner\"><h5 itemprop=\"name\" class=\"portfolio_title entry_title\"><a itemprop=\"url\" href=\"https:\/\/commo.es\/ca\/portfolio_page\/suma-capital\/\"  target=\"_self\">Suma Capital<\/a><\/h5><span class=\"project_category\" >Comunicaci\u00f3<\/span><\/div><\/div><span class='feature_holder'><\/span><\/span><\/span><\/span><\/div><\/article>\n<article class='mix portfolio_category_116 ' style=''><div class='image_holder'><a itemprop='url' class='portfolio_link_for_touch' href='https:\/\/commo.es\/ca\/portfolio_page\/ocean52-memoria-corporativa-online\/' target='_self'><span class='image'><img loading=\"lazy\" decoding=\"async\" width=\"818\" height=\"460\" src=\"https:\/\/commo.es\/wp-content\/uploads\/2020\/01\/Ocean52-portada.jpg\" class=\"attachment-full size-full wp-post-image\" alt=\"\" srcset=\"https:\/\/commo.es\/wp-content\/uploads\/2020\/01\/Ocean52-portada.jpg 818w, https:\/\/commo.es\/wp-content\/uploads\/2020\/01\/Ocean52-portada-300x169.jpg 300w, https:\/\/commo.es\/wp-content\/uploads\/2020\/01\/Ocean52-portada-768x432.jpg 768w, https:\/\/commo.es\/wp-content\/uploads\/2020\/01\/Ocean52-portada-700x394.jpg 700w, https:\/\/commo.es\/wp-content\/uploads\/2020\/01\/Ocean52-portada-539x303.jpg 539w\" sizes=\"auto, (max-width: 818px) 100vw, 818px\" \/><\/span><\/a><span class='text_holder'><span class='text_outer'><span class='text_inner'><div class=\"hover_feature_holder_title\"><div class=\"hover_feature_holder_title_inner\"><h5 itemprop=\"name\" class=\"portfolio_title entry_title\"><a itemprop=\"url\" href=\"https:\/\/commo.es\/ca\/portfolio_page\/ocean52-memoria-corporativa-online\/\"  target=\"_self\">Ocean52 \u2013 Mem\u00f2ria Corporativa Online<\/a><\/h5><span class=\"project_category\" >Web<\/span><\/div><\/div><span class='feature_holder'><\/span><\/span><\/span><\/span><\/div><\/article>\n<article class='mix portfolio_category_111 portfolio_category_114 ' style=''><div class='image_holder'><a itemprop='url' class='portfolio_link_for_touch' href='https:\/\/commo.es\/ca\/portfolio_page\/victoria-foods-branding-i-comunicacio\/' target='_self'><span class='image'><img loading=\"lazy\" decoding=\"async\" width=\"818\" height=\"460\" src=\"https:\/\/commo.es\/wp-content\/uploads\/2021\/01\/VF-portada-1.jpg\" class=\"attachment-full size-full wp-post-image\" alt=\"\" srcset=\"https:\/\/commo.es\/wp-content\/uploads\/2021\/01\/VF-portada-1.jpg 818w, https:\/\/commo.es\/wp-content\/uploads\/2021\/01\/VF-portada-1-300x169.jpg 300w, https:\/\/commo.es\/wp-content\/uploads\/2021\/01\/VF-portada-1-768x432.jpg 768w, https:\/\/commo.es\/wp-content\/uploads\/2021\/01\/VF-portada-1-700x394.jpg 700w, https:\/\/commo.es\/wp-content\/uploads\/2021\/01\/VF-portada-1-539x303.jpg 539w\" sizes=\"auto, (max-width: 818px) 100vw, 818px\" \/><\/span><\/a><span class='text_holder'><span class='text_outer'><span class='text_inner'><div class=\"hover_feature_holder_title\"><div class=\"hover_feature_holder_title_inner\"><h5 itemprop=\"name\" class=\"portfolio_title entry_title\"><a itemprop=\"url\" href=\"https:\/\/commo.es\/ca\/portfolio_page\/victoria-foods-branding-i-comunicacio\/\"  target=\"_self\">Victoria Foods &#8211; Branding i Comunicaci\u00f3<\/a><\/h5><span class=\"project_category\" >Branding, Comunicaci\u00f3<\/span><\/div><\/div><span class='feature_holder'><\/span><\/span><\/span><\/span><\/div><\/article>\n<article class='mix portfolio_category_112 portfolio_category_116 ' style=''><div class='image_holder'><a itemprop='url' class='portfolio_link_for_touch' href='https:\/\/commo.es\/ca\/portfolio_page\/s2b-impact-forum-comunicacio-i-web\/' target='_self'><span class='image'><img loading=\"lazy\" decoding=\"async\" width=\"818\" height=\"460\" src=\"https:\/\/commo.es\/wp-content\/uploads\/2019\/10\/cover-impactforum19.jpg\" class=\"attachment-full size-full wp-post-image\" alt=\"\" srcset=\"https:\/\/commo.es\/wp-content\/uploads\/2019\/10\/cover-impactforum19.jpg 818w, https:\/\/commo.es\/wp-content\/uploads\/2019\/10\/cover-impactforum19-300x169.jpg 300w, https:\/\/commo.es\/wp-content\/uploads\/2019\/10\/cover-impactforum19-768x432.jpg 768w, https:\/\/commo.es\/wp-content\/uploads\/2019\/10\/cover-impactforum19-700x394.jpg 700w, https:\/\/commo.es\/wp-content\/uploads\/2019\/10\/cover-impactforum19-539x303.jpg 539w\" sizes=\"auto, (max-width: 818px) 100vw, 818px\" \/><\/span><\/a><span class='text_holder'><span class='text_outer'><span class='text_inner'><div class=\"hover_feature_holder_title\"><div class=\"hover_feature_holder_title_inner\"><h5 itemprop=\"name\" class=\"portfolio_title entry_title\"><a itemprop=\"url\" href=\"https:\/\/commo.es\/ca\/portfolio_page\/s2b-impact-forum-comunicacio-i-web\/\"  target=\"_self\">S2B Impact Forum \u2013 Comunicaci\u00f3 i web<\/a><\/h5><span class=\"project_category\" >Publicitat, Web<\/span><\/div><\/div><span class='feature_holder'><\/span><\/span><\/span><\/span><\/div><\/article>\n<div class='filler'><\/div>\n<div class='filler'><\/div>\n<\/div><\/div>[vc_separator type=&#8221;transparent&#8221; thickness=&#8221;10&#8243;]<a  itemprop=\"url\" href=\"http:\/\/commo.es\/ca\/work\/\" target=\"_self\" data-hover-background-color=#000000 data-hover-border-color=#ffffff data-hover-color=#ffffff class=\"qbutton  small center default\" style=\"color: #ffffff; border-color: #ffffff; background-color: #ffa02b;\">VEURE TOTS ELS PROJECTES<\/a>[vc_separator type=&#8221;transparent&#8221; thickness=&#8221;20&#8243;][\/vc_column][\/vc_row][vc_row css_animation=&#8221;&#8221; row_type=&#8221;row&#8221; use_row_as_full_screen_section=&#8221;no&#8221; type=&#8221;grid&#8221; angled_section=&#8221;no&#8221; text_align=&#8221;left&#8221; background_image_as_pattern=&#8221;without_pattern&#8221; css=&#8221;.vc_custom_1519204044969{margin-bottom: 20px !important;}&#8221;][vc_column][vc_separator type=&#8221;transparent&#8221; thickness=&#8221;40&#8243;][vc_column_text]<\/p>\n<h1 style=\"text-align: center;\"><a href=\"https:\/\/commo.es\/ca\/work\/\"><span style=\"color: #ffa02b;\">Know\u00a0how:<\/span> qu\u00e8 podem fer per la teva marca<\/a><\/h1>\n<h2 style=\"text-align: center;\"><a href=\"https:\/\/commo.es\/ca\/work\/\">Especialistes en consultoria de marca i\u00a0branding<\/a><\/h2>\n<p>[\/vc_column_text][vc_separator type=&#8221;transparent&#8221; thickness=&#8221;10&#8243;][vc_row_inner row_type=&#8221;row&#8221; type=&#8221;full_width&#8221; text_align=&#8221;left&#8221; css_animation=&#8221;&#8221;][vc_column_inner width=&#8221;1\/4&#8243;][vc_column_text]<\/p>\n<h2><span style=\"color: #ffa02b;\">Consultor\u00eda<\/span><\/h2>\n<p>Analitzem el teu sector per diferenciar-te de la compet\u00e8ncia. Quin \u00e9s el teu missatge? Quins valors comuniques? A qui et dirigeixes? On est\u00e0 el teu p\u00fablic objectiu? Engeguem l&#8217;estrat\u00e8gia per complir els teus objectius.[\/vc_column_text][vc_separator type=&#8221;transparent&#8221; thickness=&#8221;20&#8243;][\/vc_column_inner][vc_column_inner width=&#8221;1\/4&#8243;][vc_column_text]<\/p>\n<h2><span style=\"color: #ffa02b;\">Branding<\/span><\/h2>\n<p>La teva marca \u00e9s la teva identitat. El nostre nom parla de nosaltres mateixos, per aix\u00f2 \u00e9s tan important que el logotip i tota la identitat corporativa transmeti els valors que ens representen. T&#8217;ajudem a definir i dissenyar el teu naming i identitat de marca.[\/vc_column_text][vc_separator type=&#8221;transparent&#8221; thickness=&#8221;20&#8243;][\/vc_column_inner][vc_column_inner width=&#8221;1\/4&#8243;][vc_column_text]<\/p>\n<h2><span style=\"color: #ffa02b;\">Comunicaci\u00f3<\/span><\/h2>\n<p>Si no vols que uns altres parlin per tu, comunica. T&#8217;ajudem a definir el teu target i l&#8217;estrat\u00e8gia de comunicaci\u00f3. Gestionem la comunicaci\u00f3 de la teva marca, a trav\u00e9s dels canals online i els mitjans tradicionals, esdeveniments i relacions p\u00fabliques.[\/vc_column_text][vc_separator type=&#8221;transparent&#8221; thickness=&#8221;20&#8243;][\/vc_column_inner][vc_column_inner width=&#8221;1\/4&#8243;][vc_column_text]<\/p>\n<h2><span style=\"color: #ffa02b;\">Mitjans<\/span><\/h2>\n<p>Estar al moment i el lloc adequats. Planifiquem la teva campanya de publicitat en mitjans. A m\u00e9s&#8230; est\u00e0s de sort! Som una ag\u00e8ncia creativa, dissenyem i produ\u00efm les peces que necessitis perqu\u00e8 la teva marca surti ben maca.[\/vc_column_text][vc_separator type=&#8221;transparent&#8221; thickness=&#8221;20&#8243;][\/vc_column_inner][\/vc_row_inner][\/vc_column][\/vc_row][vc_row css_animation=&#8221;&#8221; row_type=&#8221;row&#8221; use_row_as_full_screen_section=&#8221;no&#8221; type=&#8221;full_width&#8221; angled_section=&#8221;no&#8221; text_align=&#8221;left&#8221; background_image_as_pattern=&#8221;without_pattern&#8221; css=&#8221;.vc_custom_1453388251618{margin-bottom: 20px !important;}&#8221;][vc_column][vc_separator type=&#8221;transparent&#8221; thickness=&#8221;40&#8243;][\/vc_column][\/vc_row]<\/p>\n","protected":false},"excerpt":{"rendered":"<p>[vc_row css_animation=&#8221;&#8221; row_type=&#8221;row&#8221; use_row_as_full_screen_section=&#8221;no&#8221; type=&#8221;grid&#8221; angled_section=&#8221;no&#8221; text_align=&#8221;center&#8221; background_image_as_pattern=&#8221;without_pattern&#8221;][vc_column][vc_separator type=&#8221;transparent&#8221; thickness=&#8221;40&#8243;][vc_column_text] Commo\u00a0The\u00a0Brand\u00a0Activists,\u00a0Ag\u00e8ncia Creativa&#8230;<\/p>\n","protected":false},"author":6,"featured_media":0,"parent":0,"menu_order":1,"comment_status":"closed","ping_status":"closed","template":"full_width.php","meta":{"footnotes":""},"class_list":["post-17536","page","type-page","status-publish","hentry"],"jetpack_sharing_enabled":true,"_links":{"self":[{"href":"https:\/\/commo.es\/ca\/wp-json\/wp\/v2\/pages\/17536","targetHints":{"allow":["GET"]}}],"collection":[{"href":"https:\/\/commo.es\/ca\/wp-json\/wp\/v2\/pages"}],"about":[{"href":"https:\/\/commo.es\/ca\/wp-json\/wp\/v2\/types\/page"}],"author":[{"embeddable":true,"href":"https:\/\/commo.es\/ca\/wp-json\/wp\/v2\/users\/6"}],"replies":[{"embeddable":true,"href":"https:\/\/commo.es\/ca\/wp-json\/wp\/v2\/comments?post=17536"}],"version-history":[{"count":31,"href":"https:\/\/commo.es\/ca\/wp-json\/wp\/v2\/pages\/17536\/revisions"}],"predecessor-version":[{"id":20509,"href":"https:\/\/commo.es\/ca\/wp-json\/wp\/v2\/pages\/17536\/revisions\/20509"}],"wp:attachment":[{"href":"https:\/\/commo.es\/ca\/wp-json\/wp\/v2\/media?parent=17536"}],"curies":[{"name":"wp","href":"https:\/\/api.w.org\/{rel}","templated":true}]}}